{"id":60,"date":"2018-02-17T23:15:11","date_gmt":"2018-02-17T23:15:11","guid":{"rendered":"http:\/\/demo.zantetheme.com\/?page_id=60"},"modified":"2024-08-20T07:55:34","modified_gmt":"2024-08-20T07:55:34","slug":"home-page","status":"publish","type":"page","link":"https:\/\/calihotels.vn\/en\/","title":{"rendered":"Home Page"},"content":{"rendered":"<section class=\"wpb-content-wrapper\"><div class=\"vc_row wpb_row vc_row-fluid\"><div class=\"wpb_column vc_column_container vc_col-sm-12\"><div class=\"vc_column-inner\"><div class=\"wpb_wrapper\"><div class=\"wpb_revslider_element wpb_content_element color-overlay-slider overlay-opacity-01\">\n\t\t\t<!-- START Slider 3 REVOLUTION SLIDER 6.5.14 --><p class=\"rs-p-wp-fix\"><\/p>\n\t\t\t<rs-module-wrap id=\"hero_wrapper\" data-source=\"gallery\" style=\"visibility:hidden;background:transparent;padding:0;margin:0px auto;margin-top:0;margin-bottom:0;\">\n\t\t\t\t<rs-module id=\"hero\" style=\"\" data-version=\"6.5.14\">\n\t\t\t\t\t<rs-slides>\n\t\t\t\t\t\t<rs-slide style=\"position: absolute;\" data-key=\"rs-1\" data-title=\"Slide\" data-thumb=\"\/\/calihotels.vn\/wp-content\/uploads\/2024\/06\/HKT1493-100x50.jpg\" data-in=\"o:0;\" data-out=\"a:false;\">\n\t\t\t\t\t\t\t<img loading=\"lazy\" decoding=\"async\" src=\"\/\/calihotels.vn\/wp-content\/plugins\/revslider\/public\/assets\/assets\/dummy.png\" alt=\"\" title=\"_HKT1493\" width=\"2048\" height=\"1152\" class=\"rev-slidebg tp-rs-img rs-lazyload\" data-lazyload=\"\/\/calihotels.vn\/wp-content\/uploads\/2024\/06\/HKT1493.jpg\" data-parallax=\"5\" data-no-retina>\n<!---->\t\t\t\t\t\t<\/rs-slide>\n\t\t\t\t\t\t<rs-slide style=\"position: absolute;\" data-key=\"rs-2\" data-title=\"Slide\" data-thumb=\"\/\/calihotels.vn\/wp-content\/uploads\/2024\/06\/HKT1489-100x50.jpg\" data-in=\"o:0;\" data-out=\"a:false;\">\n\t\t\t\t\t\t\t<img loading=\"lazy\" decoding=\"async\" src=\"\/\/calihotels.vn\/wp-content\/plugins\/revslider\/public\/assets\/assets\/dummy.png\" alt=\"\" title=\"_HKT1489\" width=\"2048\" height=\"1152\" class=\"rev-slidebg tp-rs-img rs-lazyload\" data-lazyload=\"\/\/calihotels.vn\/wp-content\/uploads\/2024\/06\/HKT1489.jpg\" data-parallax=\"5\" data-no-retina>\n<!--\n\t\t\t\t\t\t\t--><rs-layer\n\t\t\t\t\t\t\t\tid=\"slider-1-slide-2-layer-4\" \n\t\t\t\t\t\t\t\tdata-type=\"text\"\n\t\t\t\t\t\t\t\tdata-rsp_ch=\"on\"\n\t\t\t\t\t\t\t\tdata-xy=\"x:c;yo:351px,351px,302px,202px;\"\n\t\t\t\t\t\t\t\tdata-text=\"s:16;l:22;a:inherit;\"\n\t\t\t\t\t\t\t\tdata-frame_0=\"o:1;\"\n\t\t\t\t\t\t\t\tdata-frame_0_chars=\"d:5;y:100%;o:1;rZ:-35deg;\"\n\t\t\t\t\t\t\t\tdata-frame_0_mask=\"u:t;\"\n\t\t\t\t\t\t\t\tdata-frame_1=\"e:power4.inOut;st:2000;sp:500;sR:2000;\"\n\t\t\t\t\t\t\t\tdata-frame_1_chars=\"d:5;\"\n\t\t\t\t\t\t\t\tdata-frame_1_mask=\"u:t;\"\n\t\t\t\t\t\t\t\tdata-frame_999=\"o:0;st:w;sR:5550;\"\n\t\t\t\t\t\t\t\tstyle=\"z-index:9;font-family:'Roboto';\"\n\t\t\t\t\t\t\t> \n\t\t\t\t\t\t\t<\/rs-layer><!--\n-->\t\t\t\t\t\t<\/rs-slide>\n\t\t\t\t\t\t<rs-slide style=\"position: absolute;\" data-key=\"rs-3\" data-title=\"Slide\" data-thumb=\"\/\/calihotels.vn\/wp-content\/uploads\/2024\/06\/HKT1348-scaled-100x50.jpg\" data-in=\"o:0;\" data-out=\"a:false;\">\n\t\t\t\t\t\t\t<img loading=\"lazy\" decoding=\"async\" src=\"\/\/calihotels.vn\/wp-content\/plugins\/revslider\/public\/assets\/assets\/dummy.png\" alt=\"\" title=\"_HKT1348\" width=\"2560\" height=\"1703\" class=\"rev-slidebg tp-rs-img rs-lazyload\" data-lazyload=\"\/\/calihotels.vn\/wp-content\/uploads\/2024\/06\/HKT1348-scaled.jpg\" data-parallax=\"5\" data-no-retina>\n<!--\n\t\t\t\t\t\t\t--><rs-layer\n\t\t\t\t\t\t\t\tid=\"slider-1-slide-3-layer-4\" \n\t\t\t\t\t\t\t\tdata-type=\"text\"\n\t\t\t\t\t\t\t\tdata-rsp_ch=\"on\"\n\t\t\t\t\t\t\t\tdata-xy=\"x:c;yo:352px,352px,302px,212px;\"\n\t\t\t\t\t\t\t\tdata-text=\"s:16;l:22;a:inherit;\"\n\t\t\t\t\t\t\t\tdata-frame_0=\"o:1;\"\n\t\t\t\t\t\t\t\tdata-frame_0_chars=\"d:5;y:100%;o:1;rZ:-35deg;\"\n\t\t\t\t\t\t\t\tdata-frame_0_mask=\"u:t;\"\n\t\t\t\t\t\t\t\tdata-frame_1=\"e:power4.inOut;st:2000;sp:500;sR:2000;\"\n\t\t\t\t\t\t\t\tdata-frame_1_chars=\"d:5;\"\n\t\t\t\t\t\t\t\tdata-frame_1_mask=\"u:t;\"\n\t\t\t\t\t\t\t\tdata-frame_999=\"o:0;st:w;sR:5300;\"\n\t\t\t\t\t\t\t\tstyle=\"z-index:8;font-family:'Roboto';\"\n\t\t\t\t\t\t\t> \n\t\t\t\t\t\t\t<\/rs-layer><!--\n-->\t\t\t\t\t\t<\/rs-slide>\n\t\t\t\t\t<\/rs-slides>\n\t\t\t\t<\/rs-module>\n\t\t\t\t<script>\n\t\t\t\t\tsetREVStartSize({c: 'hero',rl:[1240,1024,778,480],el:[600,600,500,400],gw:[1240,1024,778,480],gh:[600,600,400,400],type:'standard',justify:'',layout:'fullwidth',mh:\"0\"});if (window.RS_MODULES!==undefined && window.RS_MODULES.modules!==undefined && window.RS_MODULES.modules[\"hero\"]!==undefined) {window.RS_MODULES.modules[\"hero\"].once = false;window.revapi1 = undefined;if (window.RS_MODULES.checkMinimal!==undefined) window.RS_MODULES.checkMinimal()}\n\t\t\t\t<\/script>\n\t\t\t<\/rs-module-wrap>\n\t\t\t<!-- END REVOLUTION SLIDER -->\n<\/div><\/div><\/div><\/div><\/div><div class=\"vc_row wpb_row vc_row-fluid\"><div class=\"wpb_column vc_column_container vc_col-sm-12\"><div class=\"vc_column-inner\"><div class=\"wpb_wrapper\"><\/div><\/div><\/div><\/div><div data-vc-full-width=\"true\" data-vc-full-width-init=\"false\" class=\"vc_row wpb_row vc_row-fluid vc_custom_1531848941252\"><div class=\"wpb_column vc_column_container vc_col-sm-6\"><div class=\"vc_column-inner\"><div class=\"wpb_wrapper\">\t\t\t<div\r\n\t\t\t\tclass=\"main_title  text-left\">\r\n\t\t\t\t<h2 class=\"title\">California Hotel Sai Gon<\/h2>\r\n\t\t\t\t\t\t\t<\/div>\r\n\t\t\n\t<div class=\"wpb_text_column wpb_content_element\" >\n\t\t<div class=\"wpb_wrapper\">\n\t\t\t<p style=\"text-align: justify;\"><span style=\"color: #333333;\">Your oasis of relaxation and comfort during your stay in Ho Chi Minh City. <strong>Our 4-star hotel in District 1<\/strong>\u00a0offers a truly idyllic location from which to enjoy every corner of this wonderful city. The famous Ben Thanh Market is just minutes away while other popular sites such as the War Remnants Museum, Saigon Square and many more are also within walking distance.<\/span><\/p>\n<p style=\"text-align: justify;\"><span style=\"color: #333333;\">While the great location may initially catch your eye, our hotel in the heart of Ho Chi Minh City also offers a rooftop sundeck with Jacuzzi and bar, relaxing massages at the Spa, delicious food and drinks at ROOFTOP and 103 rooms that ensure you enjoy a good night's sleep. Whether you are traveling for business or leisure,<\/span><\/p>\n\n\t\t<\/div>\n\t<\/div>\n<\/div><\/div><\/div><div class=\"wpb_column vc_column_container vc_col-sm-6\"><div class=\"vc_column-inner\"><div class=\"wpb_wrapper\">\r\n        <div class=\"image-3d-effect\">\r\n          <div class=\"side left\"><\/div>\r\n          <div class=\"side right\"><\/div>\r\n          <div class=\"images\">\r\n                        <div class=\"front-image\" style=\"background-image: url(https:\/\/calihotels.vn\/wp-content\/uploads\/2024\/06\/HKT1346-scaled.jpg)\"><\/div>\r\n                                    <div class=\"back-image\" style=\"background-image: url(https:\/\/calihotels.vn\/wp-content\/uploads\/2024\/06\/HKT1376-scaled.jpg)\"><\/div>\r\n                      <\/div>\r\n        <\/div>\r\n\r\n\r\n\r\n        <\/div><\/div><\/div><\/div><div class=\"vc_row-full-width vc_clearfix\"><\/div><div data-vc-full-width=\"true\" data-vc-full-width-init=\"false\" class=\"vc_row wpb_row vc_row-fluid gray-bg vc_custom_1531849737322 vc_row-has-fill\"><div class=\"wpb_column vc_column_container vc_col-sm-12\"><div class=\"vc_column-inner\"><div class=\"wpb_wrapper\">\t\t\t<div\r\n\t\t\t\tclass=\"main_title  text-center\">\r\n\t\t\t\t<h2 class=\"title\">FAVORITE ROOM<\/h2>\r\n\t\t\t\t\t\t\t<\/div>\r\n\t\t\r\n        <div class=\"eb-rooms-grid\">\r\n\r\n          <div class=\"first-col\">\r\n<div class=\"room-item\">\r\n\r\n    <figure class=\"room-image gradient-overlay overlay-opacity-02 slide-right-hover\">\r\n                <a href=\"https:\/\/calihotels.vn\/en\/rooms\/premium-double\/\">\r\n            <img decoding=\"async\" src=\"https:\/\/calihotels.vn\/wp-content\/uploads\/2024\/06\/HKT1406-720x470.jpg\" alt=\"Premium Double\">\r\n        <\/a>\r\n    <\/figure>\r\n\r\n    <div class=\"room-details\">\r\n\r\n        <h3 class=\"room-title\">\r\n            <a href=\"https:\/\/calihotels.vn\/en\/rooms\/premium-double\/\">Premium Double<\/a>\r\n        <\/h3>\r\n\r\n        \r\n    <\/div>\r\n\r\n<\/div><\/div>\r\n          <div class=\"second-col\">\r\n<div class=\"room-item small-item\">\r\n\r\n    <figure class=\"room-image gradient-overlay overlay-opacity-02 slide-right-hover\">\r\n                <a href=\"https:\/\/calihotels.vn\/en\/rooms\/premium-triple\/\">\r\n            <img decoding=\"async\" src=\"https:\/\/calihotels.vn\/wp-content\/uploads\/2024\/06\/HKT1431-720x470.jpg\" alt=\"Premium Triple\">\r\n        <\/a>\r\n    <\/figure>\r\n\r\n    <div class=\"room-details\">\r\n\r\n        <h3 class=\"room-title\">\r\n            <a href=\"https:\/\/calihotels.vn\/en\/rooms\/premium-triple\/\">Premium Triple<\/a>\r\n        <\/h3>\r\n\r\n        \r\n    <\/div>\r\n\r\n<\/div>\r\n          \r\n<div class=\"room-item small-item\">\r\n\r\n    <figure class=\"room-image gradient-overlay overlay-opacity-02 slide-right-hover\">\r\n                <a href=\"https:\/\/calihotels.vn\/en\/rooms\/v-i-p\/\">\r\n            <img decoding=\"async\" src=\"https:\/\/calihotels.vn\/wp-content\/uploads\/2022\/03\/HKT1389-720x470.jpg\" alt=\"V.i.p\">\r\n        <\/a>\r\n    <\/figure>\r\n\r\n    <div class=\"room-details\">\r\n\r\n        <h3 class=\"room-title\">\r\n            <a href=\"https:\/\/calihotels.vn\/en\/rooms\/v-i-p\/\">V.i.p<\/a>\r\n        <\/h3>\r\n\r\n        \r\n    <\/div>\r\n\r\n<\/div>\r\n          \r\n<div class=\"room-item small-item\">\r\n\r\n    <figure class=\"room-image gradient-overlay overlay-opacity-02 slide-right-hover\">\r\n                <a href=\"https:\/\/calihotels.vn\/en\/rooms\/junior-suite\/\">\r\n            <img decoding=\"async\" src=\"https:\/\/calihotels.vn\/wp-content\/uploads\/2022\/03\/HKT1460-720x470.jpg\" alt=\"Junior Suite\">\r\n        <\/a>\r\n    <\/figure>\r\n\r\n    <div class=\"room-details\">\r\n\r\n        <h3 class=\"room-title\">\r\n            <a href=\"https:\/\/calihotels.vn\/en\/rooms\/junior-suite\/\">Junior Suite<\/a>\r\n        <\/h3>\r\n\r\n        \r\n<div class=\"room-services\">\r\n    <div class=\"dragscroll\">\r\n\r\n        <div class=\"room-service-item\" data-toggle=\"popover\" data-placement=\"top\" data-trigger=\"hover\" data-content=\"Mini Bar Included\" data-original-title=\"Mini Bar\">\r\n                            <i class=\"fa fa-glass\"><\/i>\r\n                    <\/div>\r\n\r\n            <div class=\"room-service-item\" data-toggle=\"popover\" data-placement=\"top\" data-trigger=\"hover\" data-content=\"Widescreen TV Included\" data-original-title=\"Widescreen TV\">\r\n                            <i class=\"fa fa-television\"><\/i>\r\n                    <\/div>\r\n\r\n            <div class=\"room-service-item\" data-toggle=\"popover\" data-placement=\"top\" data-trigger=\"hover\" data-content=\"Air Conditioner Included\" data-original-title=\"Air Conditioner\">\r\n                            <i class=\"fa fa-snowflake-o\"><\/i>\r\n                    <\/div>\r\n\r\n            <div class=\"room-service-item\" data-toggle=\"popover\" data-placement=\"top\" data-trigger=\"hover\" data-content=\"Wi-Fi Included\" data-original-title=\"Wi-Fi\">\r\n                            <i class=\"fa fa-wifi\"><\/i>\r\n                    <\/div>\r\n\r\n    \r\n    <\/div>\r\n<\/div>\r\n\r\n\r\n    <\/div>\r\n\r\n<\/div>\r\n          \r\n<div class=\"room-item small-item\">\r\n\r\n    <figure class=\"room-image gradient-overlay overlay-opacity-02 slide-right-hover\">\r\n                <a href=\"https:\/\/calihotels.vn\/en\/rooms\/deluxe-twin\/\">\r\n            <img decoding=\"async\" src=\"https:\/\/calihotels.vn\/wp-content\/uploads\/2022\/03\/HKT1314-720x470.jpg\" alt=\"Deluxe Twin\">\r\n        <\/a>\r\n    <\/figure>\r\n\r\n    <div class=\"room-details\">\r\n\r\n        <h3 class=\"room-title\">\r\n            <a href=\"https:\/\/calihotels.vn\/en\/rooms\/deluxe-twin\/\">Deluxe Twin<\/a>\r\n        <\/h3>\r\n\r\n        \r\n    <\/div>\r\n\r\n<\/div><\/div>\r\n          \r\n        <\/div>\r\n\r\n    <div class=\"vc_empty_space\"   style=\"height: 30px\"><span class=\"vc_empty_space_inner\"><\/span><\/div>\r\n        \r\n        <style>\r\n\t\t\t\t#btn-container-ils9v {\r\n\t\t\t\t\tfont-size: 16px;\r\n\t\t\t\t\tfont-weight: bold;\r\n\t\t\t\t}\r\n        #btn-ils9v {\r\n        \tbackground: rgba(255,255,255,0.01);\r\n\t\t\t\t\tborder-style: solid;\r\n        \tborder-color: #deb668;\r\n\t\t\t\t\tborder-width: 2px;\r\n        \tcolor: #deb668;\r\n\t\t\t\t\tpadding: 6px 12px;\r\n\t\t\t\t\tborder-radius: 2px;\r\n\t\t\t\t\tfont-size: 16px;\r\n\t\t\t\t\tline-height: 16px;\r\n\t\t\t\t\t\t\t\t\t\t\t\t\t\t\tfont-weight: bold;\r\n        }\r\n\r\n\t\t\t\t#btn-ils9v:hover {\r\n\t\t\t\t\tbackground: #deb668;\r\n\t\t\t\t\tborder-color: #deb668;\r\n\t\t\t\t\tcolor: #ffffff;\r\n\t\t\t\t\t\t\t\t\t\tbox-shadow: 0 15px 30px rgba(0, 0, 0, 0.10);\r\n\t\t\t\t\t\t\t\t\t\t\t\t\t\t\t\t\t\t\t\t-ms-transform: translateY(-2px);\r\n\t\t\t\t\ttransform: translateY(-2px);\r\n\t\t\t\t\t-webkit-transform: translateY(-2px);\r\n\t\t\t\t\t\r\n\t\t\t\t}\r\n\r\n\t\t    #btn-ils9v i {\r\n\t\t\t\t\tright: 14px;\r\n\t\t\t\t\tmargin-top: 0;\r\n\t\t\t\t\tvertical-align: middle;\r\n\t\t\t\t\tborder-radius: 50%;\r\n\t\t\t\t\tline-height: 20px;\r\n\t\t\t\t\theight: 20px;\r\n\t\t\t\t\twidth: 20px;\r\n\t\t\t\t\tbackground: #deb668;\r\n\t\t\t\t\tmargin-left: 8px;\r\n\t\t\t\t\tmargin-right: 0;\r\n\t\t\t\t\tcolor: #ffffff;\r\n\t\t\t\t\tfont-size: 8px;\r\n\t\t\t\t\ttext-align: center;\r\n\t\t\t\t}\r\n\r\n\t\t\t\t #btn-ils9v:hover i {\r\n\t\t\t\t \tbackground: #ffffff;\r\n\t\t\t\t\tcolor: #deb668;\r\n\t\t\t\t }\r\n\r\n        <\/style>\r\n\r\n\t\t<!-- BUTTON -->\r\n        <div id=\"btn-container-ils9v\" class=\"text-center\">\r\n\t\t\t\r\n\t\t\t\t\t<a href=\"\/en\/rooms\/\" id=\"btn-ils9v\" class=\"btn\" target=\"_self\">\r\n\t\t\t\t\t\tview all rooms\t\t\t\t\t\t\t\t\t\t\t\t<i class=\"fa fa fa-chevron-right\"><\/i>\r\n\t\t\t\t\t\t\t\t\t\t\t<\/a>\r\n\t\t\t\t\t        <\/div>\r\n\r\n        <\/div><\/div><\/div><\/div><div class=\"vc_row-full-width vc_clearfix\"><\/div><div data-vc-full-width=\"true\" data-vc-full-width-init=\"false\" class=\"vc_row wpb_row vc_row-fluid vc_custom_1531841302974 vc_row-has-fill\"><div class=\"wpb_column vc_column_container vc_col-sm-12\"><div class=\"vc_column-inner\"><div class=\"wpb_wrapper\">\t\t\t<div\r\n\t\t\t\tclass=\"main_title  text-center\">\r\n\t\t\t\t<h2 class=\"title\">OUR SERVICES<\/h2>\r\n\t\t\t\t\t\t\t<\/div>\r\n\t\t\r\n      \r\n    <script>\r\n      jQuery(document).ready(function ($) {\r\n        $('#features-slider-FRsP2').owlCarousel({\r\n            thumbs: true,\r\n            thumbsPrerendered: true,\r\n            items: 1,\r\n                        loop: true,\r\n                        autoplay: true,\r\n                        dots: false,\r\n            nav: false,\r\n            touchDrag  : true,\r\n            mouseDrag  : false\r\n          });\r\n      });\r\n    <\/script>\r\n\r\n\r\n    <div class=\"features\">\r\n      <div class=\"row\">\r\n          <div class=\"col-md-7\">\r\n              <div data-slider-id=\"features-FRsP2\" id=\"features-slider-FRsP2\" class=\"main-image owl-carousel\">\r\n\r\n\r\n  <div class=\"gradient-overlay overlay-opacity-02\"><img decoding=\"async\" src=\"https:\/\/calihotels.vn\/wp-content\/uploads\/2024\/06\/5H5A2111-copy-scaled.jpg\" class=\"img-responsive\" alt=\"Nh\u00e0 H\u00e0ng\"><\/div>\r\n\r\n  \r\n  <div class=\"gradient-overlay overlay-opacity-02\"><img decoding=\"async\" src=\"https:\/\/calihotels.vn\/wp-content\/uploads\/2024\/06\/HKT1376-scaled.jpg\" class=\"img-responsive\" alt=\"Spa - Beauty &amp; Health\"><\/div>\r\n\r\n  \r\n  <div class=\"gradient-overlay overlay-opacity-02\"><img decoding=\"async\" src=\"https:\/\/calihotels.vn\/wp-content\/uploads\/2022\/03\/LR2A5776.jpg\" class=\"img-responsive\" alt=\"Ph\u00f2ng\"><\/div>\r\n\r\n  \r\n  <div class=\"gradient-overlay overlay-opacity-02\"><img decoding=\"async\" src=\"https:\/\/calihotels.vn\/wp-content\/uploads\/2024\/06\/HKT1346-scaled.jpg\" class=\"img-responsive\" alt=\"H\u1ed3 B\u01a1i\"><\/div>\r\n\r\n  <\/div>\r\n<\/div>\r\n<div class=\"col-md-5\">\r\n  <div class=\"owl-thumbs\" data-slider-id=\"features-FRsP2\">\r\n\r\n    \r\n    <!-- SLIDE -->\r\n    <div class=\"owl-thumb-item\">\r\n        <span class=\"media-left\"><image src=\"https:\/\/calihotels.vn\/wp-content\/uploads\/2018\/05\/plate.png\" alt=\"Nh\u00e0 H\u00e0ng\"><\/span>\r\n        <div class=\"media-body\">\r\n            <h3>Restaurant<\/h3>\r\n            <p>Start your day with a delicious breakfast buffet served in the lobby. Find your morning favorites in the comfort of our hotel.<\/p>\r\n        <\/div>\r\n    <\/div>\r\n\r\n    \r\n    <!-- SLIDE -->\r\n    <div class=\"owl-thumb-item\">\r\n        <span class=\"media-left\"><image src=\"https:\/\/calihotels.vn\/wp-content\/uploads\/2018\/05\/spa.png\" alt=\"Spa - Beauty &amp; Health\"><\/span>\r\n        <div class=\"media-body\">\r\n            <h3>Spa - Beauty &amp; Health<\/h3>\r\n            <p>Full body massage therapy will rejuvenate your mind, body and soul.<\/p>\r\n        <\/div>\r\n    <\/div>\r\n\r\n    \r\n    <!-- SLIDE -->\r\n    <div class=\"owl-thumb-item\">\r\n        <span class=\"media-left\"><image src=\"https:\/\/calihotels.vn\/wp-content\/uploads\/2018\/05\/conference.png\" alt=\"Ph\u00f2ng\"><\/span>\r\n        <div class=\"media-body\">\r\n            <h3>Room<\/h3>\r\n            <p>Not just a hotel. Enjoying room service when leaving the room doesn't seem very appetizing.<\/p>\r\n        <\/div>\r\n    <\/div>\r\n\r\n    \r\n    <!-- SLIDE -->\r\n    <div class=\"owl-thumb-item\">\r\n        <span class=\"media-left\"><image src=\"https:\/\/calihotels.vn\/wp-content\/uploads\/2018\/05\/swimmer.png\" alt=\"H\u1ed3 B\u01a1i\"><\/span>\r\n        <div class=\"media-body\">\r\n            <h3>Pool<\/h3>\r\n            <p>Relax and enjoy the warmth of the sun on our terrace. <\/p>\r\n        <\/div>\r\n    <\/div>\r\n\r\n    \r\n  <\/div>\r\n<\/div>\r\n<\/div>\r\n<\/div>\r\n\r\n  <\/div><\/div><\/div><\/div><div class=\"vc_row-full-width vc_clearfix\"><\/div>\n<\/section>","protected":false},"excerpt":{"rendered":"\u0110\u1ed1i v\u1edbi nh\u1eefng ng\u01b0\u1eddi th\u00edch kh\u00f4ng gian r\u1ed9ng r\u00e3i h\u01a1n m\u1ed9t ch\u00fat, th\u00ec c\u00e1c ph\u00f2ng DELUXE TWIN 36m2 l\u00e0 m\u1ed9t l\u1ef1a ch\u1ecdn tuy\u1ec7t v\u1eddi. Tuy\u1ec7t v\u1eddi cho c\u00e1c c\u1eb7p \u0111\u00f4i, \u0111\u00e2y l\u00e0 kh\u00f4ng gian ho\u00e0n h\u1ea3o \u0111\u1ec3 ph\u1ee5c h\u1ed3i s\u1ee9c kh\u1ecfe sau m\u1ed9t ng\u00e0y th\u00fa v\u1ecb kh\u00e1m ph\u00e1 th\u00e0nh ph\u1ed1.","protected":false},"author":1,"featured_media":0,"parent":0,"menu_order":0,"comment_status":"closed","ping_status":"closed","template":"","meta":{"footnotes":""},"class_list":["post-60","page","type-page","status-publish","hentry"],"_links":{"self":[{"href":"https:\/\/calihotels.vn\/en\/wp-json\/wp\/v2\/pages\/60","targetHints":{"allow":["GET"]}}],"collection":[{"href":"https:\/\/calihotels.vn\/en\/wp-json\/wp\/v2\/pages"}],"about":[{"href":"https:\/\/calihotels.vn\/en\/wp-json\/wp\/v2\/types\/page"}],"author":[{"embeddable":true,"href":"https:\/\/calihotels.vn\/en\/wp-json\/wp\/v2\/users\/1"}],"replies":[{"embeddable":true,"href":"https:\/\/calihotels.vn\/en\/wp-json\/wp\/v2\/comments?post=60"}],"version-history":[{"count":21,"href":"https:\/\/calihotels.vn\/en\/wp-json\/wp\/v2\/pages\/60\/revisions"}],"predecessor-version":[{"id":2738,"href":"https:\/\/calihotels.vn\/en\/wp-json\/wp\/v2\/pages\/60\/revisions\/2738"}],"wp:attachment":[{"href":"https:\/\/calihotels.vn\/en\/wp-json\/wp\/v2\/media?parent=60"}],"curies":[{"name":"wp","href":"https:\/\/api.w.org\/{rel}","templated":true}]}}